{"id":46,"date":"2013-08-03T23:46:19","date_gmt":"2013-08-03T23:46:19","guid":{"rendered":"http:\/\/realhomes.inspirythemes.com\/?page_id=46"},"modified":"2024-01-10T09:30:44","modified_gmt":"2024-01-10T08:30:44","slug":"property-search","status":"publish","type":"page","link":"https:\/\/opg.com.pl\/offer\/property-search\/","title":{"rendered":"WYSZUKAJ OFERT\u0118"},"content":{"rendered":"","protected":false},"excerpt":{"rendered":"","protected":false},"author":6,"featured_media":0,"parent":0,"menu_order":0,"comment_status":"open","ping_status":"open","template":"template-search.php","meta":{"footnotes":""},"class_list":["post-46","page","type-page","status-publish","hentry"],"yoast_head":"<!-- This site is optimized with the Yoast SEO plugin v26.4 - https:\/\/yoast.com\/wordpress\/plugins\/seo\/ -->\n<title>Biura do wynaj\u0119cia w centrum \u0141odzi - wynajem powierzchni biurowych - OPG<\/title>\n<meta name=\"description\" content=\"Oferujemy powierzchnie, lokale u\u017cytkowe, biura do wynaj\u0119cia oraz mieszkania deweloperskie na sprzeda\u017c na korzystnych warunkach - OPG Property Professionals\" \/>\n<meta name=\"robots\" content=\"index, follow, max-snippet:-1, max-image-preview:large, max-video-preview:-1\" \/>\n<link rel=\"canonical\" href=\"https:\/\/opg.com.pl\/offer\/property-search\/\" \/>\n<meta property=\"og:locale\" content=\"pl_PL\" \/>\n<meta property=\"og:type\" content=\"article\" \/>\n<meta property=\"og:title\" content=\"Biura do wynaj\u0119cia w centrum \u0141odzi - wynajem powierzchni biurowych - OPG\" \/>\n<meta property=\"og:description\" content=\"Oferujemy powierzchnie, lokale u\u017cytkowe, biura do wynaj\u0119cia oraz mieszkania deweloperskie na sprzeda\u017c na korzystnych warunkach - OPG Property Professionals\" \/>\n<meta property=\"og:url\" content=\"https:\/\/opg.com.pl\/offer\/property-search\/\" \/>\n<meta property=\"og:site_name\" content=\"OPG Property Professionals\" \/>\n<meta property=\"article:modified_time\" content=\"2024-01-10T08:30:44+00:00\" \/>\n<meta name=\"twitter:card\" content=\"summary_large_image\" \/>\n<script type=\"application\/ld+json\" class=\"yoast-schema-graph\">{\"@context\":\"https:\/\/schema.org\",\"@graph\":[{\"@type\":\"WebPage\",\"@id\":\"https:\/\/opg.com.pl\/offer\/property-search\/\",\"url\":\"https:\/\/opg.com.pl\/offer\/property-search\/\",\"name\":\"Biura do wynaj\u0119cia w centrum \u0141odzi - wynajem powierzchni biurowych - OPG\",\"isPartOf\":{\"@id\":\"https:\/\/opg.com.pl\/offer\/#website\"},\"datePublished\":\"2013-08-03T23:46:19+00:00\",\"dateModified\":\"2024-01-10T08:30:44+00:00\",\"description\":\"Oferujemy powierzchnie, lokale u\u017cytkowe, biura do wynaj\u0119cia oraz mieszkania deweloperskie na sprzeda\u017c na korzystnych warunkach - OPG Property Professionals\",\"breadcrumb\":{\"@id\":\"https:\/\/opg.com.pl\/offer\/property-search\/#breadcrumb\"},\"inLanguage\":\"pl-PL\",\"potentialAction\":[{\"@type\":\"ReadAction\",\"target\":[\"https:\/\/opg.com.pl\/offer\/property-search\/\"]}]},{\"@type\":\"BreadcrumbList\",\"@id\":\"https:\/\/opg.com.pl\/offer\/property-search\/#breadcrumb\",\"itemListElement\":[{\"@type\":\"ListItem\",\"position\":1,\"name\":\"Strona g\u0142\u00f3wna\",\"item\":\"https:\/\/opg.com.pl\/offer\/\"},{\"@type\":\"ListItem\",\"position\":2,\"name\":\"WYSZUKAJ OFERT\u0118\"}]},{\"@type\":\"WebSite\",\"@id\":\"https:\/\/opg.com.pl\/offer\/#website\",\"url\":\"https:\/\/opg.com.pl\/offer\/\",\"name\":\"OPG Property Professionals\",\"description\":\"najlepsze oferty nieruchomo\u015bci\",\"potentialAction\":[{\"@type\":\"SearchAction\",\"target\":{\"@type\":\"EntryPoint\",\"urlTemplate\":\"https:\/\/opg.com.pl\/offer\/?s={search_term_string}\"},\"query-input\":{\"@type\":\"PropertyValueSpecification\",\"valueRequired\":true,\"valueName\":\"search_term_string\"}}],\"inLanguage\":\"pl-PL\"}]}<\/script>\n<!-- \/ Yoast SEO plugin. -->","yoast_head_json":{"title":"Biura do wynaj\u0119cia w centrum \u0141odzi - wynajem powierzchni biurowych - OPG","description":"Oferujemy powierzchnie, lokale u\u017cytkowe, biura do wynaj\u0119cia oraz mieszkania deweloperskie na sprzeda\u017c na korzystnych warunkach - OPG Property Professionals","robots":{"index":"index","follow":"follow","max-snippet":"max-snippet:-1","max-image-preview":"max-image-preview:large","max-video-preview":"max-video-preview:-1"},"canonical":"https:\/\/opg.com.pl\/offer\/property-search\/","og_locale":"pl_PL","og_type":"article","og_title":"Biura do wynaj\u0119cia w centrum \u0141odzi - wynajem powierzchni biurowych - OPG","og_description":"Oferujemy powierzchnie, lokale u\u017cytkowe, biura do wynaj\u0119cia oraz mieszkania deweloperskie na sprzeda\u017c na korzystnych warunkach - OPG Property Professionals","og_url":"https:\/\/opg.com.pl\/offer\/property-search\/","og_site_name":"OPG Property Professionals","article_modified_time":"2024-01-10T08:30:44+00:00","twitter_card":"summary_large_image","schema":{"@context":"https:\/\/schema.org","@graph":[{"@type":"WebPage","@id":"https:\/\/opg.com.pl\/offer\/property-search\/","url":"https:\/\/opg.com.pl\/offer\/property-search\/","name":"Biura do wynaj\u0119cia w centrum \u0141odzi - wynajem powierzchni biurowych - OPG","isPartOf":{"@id":"https:\/\/opg.com.pl\/offer\/#website"},"datePublished":"2013-08-03T23:46:19+00:00","dateModified":"2024-01-10T08:30:44+00:00","description":"Oferujemy powierzchnie, lokale u\u017cytkowe, biura do wynaj\u0119cia oraz mieszkania deweloperskie na sprzeda\u017c na korzystnych warunkach - OPG Property Professionals","breadcrumb":{"@id":"https:\/\/opg.com.pl\/offer\/property-search\/#breadcrumb"},"inLanguage":"pl-PL","potentialAction":[{"@type":"ReadAction","target":["https:\/\/opg.com.pl\/offer\/property-search\/"]}]},{"@type":"BreadcrumbList","@id":"https:\/\/opg.com.pl\/offer\/property-search\/#breadcrumb","itemListElement":[{"@type":"ListItem","position":1,"name":"Strona g\u0142\u00f3wna","item":"https:\/\/opg.com.pl\/offer\/"},{"@type":"ListItem","position":2,"name":"WYSZUKAJ OFERT\u0118"}]},{"@type":"WebSite","@id":"https:\/\/opg.com.pl\/offer\/#website","url":"https:\/\/opg.com.pl\/offer\/","name":"OPG Property Professionals","description":"najlepsze oferty nieruchomo\u015bci","potentialAction":[{"@type":"SearchAction","target":{"@type":"EntryPoint","urlTemplate":"https:\/\/opg.com.pl\/offer\/?s={search_term_string}"},"query-input":{"@type":"PropertyValueSpecification","valueRequired":true,"valueName":"search_term_string"}}],"inLanguage":"pl-PL"}]}},"_links":{"self":[{"href":"https:\/\/opg.com.pl\/offer\/wp-json\/wp\/v2\/pages\/46","targetHints":{"allow":["GET"]}}],"collection":[{"href":"https:\/\/opg.com.pl\/offer\/wp-json\/wp\/v2\/pages"}],"about":[{"href":"https:\/\/opg.com.pl\/offer\/wp-json\/wp\/v2\/types\/page"}],"author":[{"embeddable":true,"href":"https:\/\/opg.com.pl\/offer\/wp-json\/wp\/v2\/users\/6"}],"replies":[{"embeddable":true,"href":"https:\/\/opg.com.pl\/offer\/wp-json\/wp\/v2\/comments?post=46"}],"version-history":[{"count":1,"href":"https:\/\/opg.com.pl\/offer\/wp-json\/wp\/v2\/pages\/46\/revisions"}],"predecessor-version":[{"id":868,"href":"https:\/\/opg.com.pl\/offer\/wp-json\/wp\/v2\/pages\/46\/revisions\/868"}],"wp:attachment":[{"href":"https:\/\/opg.com.pl\/offer\/wp-json\/wp\/v2\/media?parent=46"}],"curies":[{"name":"wp","href":"https:\/\/api.w.org\/{rel}","templated":true}]}}