{"id":2,"date":"2016-04-16T17:45:34","date_gmt":"2016-04-16T15:45:34","guid":{"rendered":"https:\/\/opg.com.pl\/offer\/?page_id=2"},"modified":"2017-05-11T13:05:51","modified_gmt":"2017-05-11T11:05:51","slug":"o-nas","status":"publish","type":"page","link":"https:\/\/opg.com.pl\/offer\/o-nas\/","title":{"rendered":"o nas"},"content":{"rendered":"<h4>KILKA S\u0141\u00d3W O NAS<\/h4>\n<p>G\u0142\u00f3wny obszar dzia\u0142ania firmy to po\u015brednictwo w obrocie nieruchomo\u015bciami. Dla naszych Klient\u00f3w wykonujemy czynno\u015bci zmierzaj\u0105ce do zawierania przez nich um\u00f3w nabycia lub zbycia praw do nieruchomo\u015bci, um\u00f3w nabycia lub zbycia sp\u00f3\u0142dzielczych praw do lokali mieszkalnych, u\u017cytkowych, dom\u00f3w jednorodzinnych, um\u00f3w najmu lub dzier\u017cawy nieruchomo\u015bci.<\/p>\n<blockquote style=\"color: white;\"><p>Dzia\u0142amy w oparciu o wiedz\u0119 i do\u015bwiadczenie os\u00f3b posiadaj\u0105cych odpowiednie uprawnienia i kwalifikacje zawodowe. Naszymi celami s\u0105: wygoda, bezpiecze\u0144stwo i zadowolenie klient\u00f3w.<\/p><\/blockquote>\n<p>W ramach naszych us\u0142ug proponujemy W\u0142a\u015bcicielom nieruchomo\u015bci wsp\u00f3\u0142prac\u0119, kt\u00f3rej efektem jest skuteczne wyeksponowanie nieruchomo\u015bci na rynku, znalezienie nabywcy oraz przeprowadzenie transakcji w szybki i bezpieczny spos\u00f3b. W przypadku zaistnienia nieuregulowanego stanu prawnego nieruchomo\u015bci, uniemo\u017cliwiaj\u0105cego jej zbycie, w\u0142a\u015bciciel otrzymuje pomoc prawn\u0105 dzi\u0119ki kt\u00f3rej b\u0119dzie mo\u017cna sfinalizowa\u0107 transakcj\u0119.<\/p>\n<p>Osoby poszukuj\u0105ce nieruchomo\u015bci na terenie \u0141odzi i okolic mog\u0105&nbsp;skorzysta\u0107 z po\u015brednictwa w poszukiwaniu odpowiedniej dla siebie nieruchomo\u015bci. W ramach kompleksowej us\u0142ugi Klientowi zostanie zaprezentowana oferta biura oraz innych biur posiadaj\u0105cych oferty z terenu w kt\u00f3rym jest poszukiwana nieruchomo\u015b\u0107. Je\u017celi wyrazi on ch\u0119\u0107 nabycia nieruchomo\u015bci, ca\u0142a transakcja jest przeprowadzona przy udziale osoby posiadaj\u0105cej odpowiedni\u0105 wiedz\u0119 i kwalifikacje zawodowe.<\/p>\n<h2><img loading=\"lazy\" decoding=\"async\" class=\"aligncenter size-full wp-image-1220\" src=\"https:\/\/opg.com.pl\/offer\/wp-content\/uploads\/2016\/04\/conference-room.jpg\" alt=\"\" width=\"1280\" height=\"720\"><\/h2>\n<h4>&nbsp;<\/h4>\n<h4>PIERWSZE SPOTKANIE<\/h4>\n<p>Na pierwszym spotkaniu okre\u015blimy Twoje potrzeby i&nbsp; preferencje. Porozmawiamy te\u017c o sfinansowaniu i procedurze zakupu. W przypadku zakupu nieruchomo\u015bci na kredyt na pewno sprawdzimy, na zakup jakich nieruchomo\u015bci mo\u017cesz sobie pozwoli\u0107. Wszystko po to, aby unikn\u0105\u0107 niepotrzebnego rozczarowania.<\/p>\n<h4>PRZEGL\u0104D OFERT<\/h4>\n<p>Spotkamy si\u0119 i przedstawimy oferty poddane wst\u0119pnej weryfikacji. Cz\u0119sto bowiem potrafimy rozpozna\u0107 potrzeby klienta lepiej ni\u017c on sam. A co najwa\u017cniejsze polecimy tylko takie nieruchomo\u015bci, jakie sami chcieliby\u015bmy naby\u0107. Wszystko po to, aby\u015b by\u0142 zadowolony z zakupu.<\/p>\n<h4>PREZENTACJA NIERUCHOMO\u015aCI<\/h4>\n<p>Na tym etapie b\u0119dziemy prezentowa\u0107 oferty, kt\u00f3re spe\u0142niaj\u0105 Twoje oczekiwania. Wsp\u00f3lnie pojedziemy obejrze\u0107 ka\u017cd\u0105 nieruchomo\u015b\u0107, kt\u00f3ra Ci\u0119 zainteresuje oraz udzielimy&nbsp; informacji na temat jej stanu technicznego i prawnego. Podsumujemy zebrane informacje dotycz\u0105ce nieruchomo\u015bci, kt\u00f3re sprosta\u0142y Twoim oczekiwaniom i pomo\u017cemy w podj\u0119ciu decyzji. My te\u017c niejednokrotnie byli\u015bmy na Twoim miejscu i wiemy jak trudno jest podj\u0105\u0107 decyzj\u0119, gdzie sp\u0119dzi\u0107 kilka albo kilkadziesi\u0105t lat swojego \u017cycia lub dokona\u0107 dobrej inwestycji.<\/p>\n<h4>NEGOCJACJE I OBS\u0141UGA TRANSAKCJI<\/h4>\n<p>Kiedy zdecydujesz si\u0119 ju\u017c na zakup konkretnej nieruchomo\u015bci, przeprowadzimy Ci\u0119 przez ca\u0142y proces zakupu, pocz\u0105wszy od negocjowania ceny, formalno\u015bci zwi\u0105zanych z finansowaniem, zbieraniem dokument\u00f3w, po podpisanie aktu notarialnego. Dzi\u0119ki temu, \u017ce wsp\u00f3\u0142pracujemy z Kancelari\u0105 Notarialn\u0105, mo\u017cesz by\u0107 pewny, \u017ce otrzymasz najbardziej korzystn\u0105 taks\u0119 notarialn\u0105.<\/p>\n<h4>PRZEKAZANIE NIERUCHOMO\u015aCI<\/h4>\n<p>Kiedy wszelkie formalno\u015bci dobiegn\u0105 ko\u0144ca, pojedziemy razem na przekazanie nieruchomo\u015bci w celu sporz\u0105dzenia protoko\u0142u zdawczo-odbiorczego, a nast\u0119pnie udzielimy wszelkich informacji na temat przepisania medi\u00f3w. Na koniec otrzymasz od nas pakiet korzystnych zni\u017cek na us\u0142ugi i artyku\u0142y wyko\u0144czeniowe u naszych Partner\u00f3w, dzi\u0119ki kt\u00f3rym zaoszcz\u0119dzisz na adaptacji swojej nowej nieruchomo\u015bci. Mamy nadziej\u0119, \u017ce za jaki\u015b czas zadzwonisz i powiesz, \u017ce jeste\u015b zadowolony z zakupu i podzi\u0119kujesz za wsp\u00f3\u0142prac\u0119. Bowiem w\u0142a\u015bnie to daje nam najwi\u0119ksz\u0105 satysfakcj\u0119 z wykonywanej pracy.<\/p>\n<p>&nbsp;<\/p>\n<a class=\"real-btn btn-large\" href=\"https:\/\/opg.com.pl\/offer\/agents\/\" target=\"\">poznaj naszych agent\u00f3w<\/a>\n","protected":false},"excerpt":{"rendered":"<p>KILKA S\u0141\u00d3W O NAS G\u0142\u00f3wny obszar dzia\u0142ania firmy to po\u015brednictwo w obrocie nieruchomo\u015bciami. Dla naszych Klient\u00f3w wykonujemy czynno\u015bci zmierzaj\u0105ce do zawierania przez nich um\u00f3w nabycia lub zbycia praw do nieruchomo\u015bci, um\u00f3w nabycia lub zbycia sp\u00f3\u0142dzielczych praw do lokali mieszkalnych, u\u017cytkowych, dom\u00f3w jednorodzinnych, um\u00f3w najmu lub dzier\u017cawy nieruchomo\u015bci. Dzia\u0142amy w oparciu o wiedz\u0119 i do\u015bwiadczenie os\u00f3b [&hellip;]<\/p>\n","protected":false},"author":6,"featured_media":0,"parent":0,"menu_order":0,"comment_status":"closed","ping_status":"closed","template":"","meta":{"footnotes":""},"class_list":["post-2","page","type-page","status-publish","hentry"],"yoast_head":"<!-- This site is optimized with the Yoast SEO plugin v26.4 - https:\/\/yoast.com\/wordpress\/plugins\/seo\/ -->\n<title>o nas - OPG Property Professionals<\/title>\n<meta name=\"robots\" content=\"index, follow, max-snippet:-1, max-image-preview:large, max-video-preview:-1\" \/>\n<link rel=\"canonical\" href=\"https:\/\/opg.com.pl\/offer\/o-nas\/\" \/>\n<meta property=\"og:locale\" content=\"pl_PL\" \/>\n<meta property=\"og:type\" content=\"article\" \/>\n<meta property=\"og:title\" content=\"o nas - OPG Property Professionals\" \/>\n<meta property=\"og:description\" content=\"KILKA S\u0141\u00d3W O NAS G\u0142\u00f3wny obszar dzia\u0142ania firmy to po\u015brednictwo w obrocie nieruchomo\u015bciami. Dla naszych Klient\u00f3w wykonujemy czynno\u015bci zmierzaj\u0105ce do zawierania przez nich um\u00f3w nabycia lub zbycia praw do nieruchomo\u015bci, um\u00f3w nabycia lub zbycia sp\u00f3\u0142dzielczych praw do lokali mieszkalnych, u\u017cytkowych, dom\u00f3w jednorodzinnych, um\u00f3w najmu lub dzier\u017cawy nieruchomo\u015bci. Dzia\u0142amy w oparciu o wiedz\u0119 i do\u015bwiadczenie os\u00f3b [&hellip;]\" \/>\n<meta property=\"og:url\" content=\"https:\/\/opg.com.pl\/offer\/o-nas\/\" \/>\n<meta property=\"og:site_name\" content=\"OPG Property Professionals\" \/>\n<meta property=\"article:modified_time\" content=\"2017-05-11T11:05:51+00:00\" \/>\n<meta property=\"og:image\" content=\"https:\/\/opg.com.pl\/offer\/wp-content\/uploads\/2016\/04\/conference-room.jpg\" \/>\n<meta name=\"twitter:card\" content=\"summary_large_image\" \/>\n<meta name=\"twitter:label1\" content=\"Szacowany czas czytania\" \/>\n\t<meta name=\"twitter:data1\" content=\"3 minuty\" \/>\n<script type=\"application\/ld+json\" class=\"yoast-schema-graph\">{\"@context\":\"https:\/\/schema.org\",\"@graph\":[{\"@type\":\"WebPage\",\"@id\":\"https:\/\/opg.com.pl\/offer\/o-nas\/\",\"url\":\"https:\/\/opg.com.pl\/offer\/o-nas\/\",\"name\":\"o nas - OPG Property Professionals\",\"isPartOf\":{\"@id\":\"https:\/\/opg.com.pl\/offer\/#website\"},\"primaryImageOfPage\":{\"@id\":\"https:\/\/opg.com.pl\/offer\/o-nas\/#primaryimage\"},\"image\":{\"@id\":\"https:\/\/opg.com.pl\/offer\/o-nas\/#primaryimage\"},\"thumbnailUrl\":\"https:\/\/opg.com.pl\/offer\/wp-content\/uploads\/2016\/04\/conference-room.jpg\",\"datePublished\":\"2016-04-16T15:45:34+00:00\",\"dateModified\":\"2017-05-11T11:05:51+00:00\",\"breadcrumb\":{\"@id\":\"https:\/\/opg.com.pl\/offer\/o-nas\/#breadcrumb\"},\"inLanguage\":\"pl-PL\",\"potentialAction\":[{\"@type\":\"ReadAction\",\"target\":[\"https:\/\/opg.com.pl\/offer\/o-nas\/\"]}]},{\"@type\":\"ImageObject\",\"inLanguage\":\"pl-PL\",\"@id\":\"https:\/\/opg.com.pl\/offer\/o-nas\/#primaryimage\",\"url\":\"\",\"contentUrl\":\"\"},{\"@type\":\"BreadcrumbList\",\"@id\":\"https:\/\/opg.com.pl\/offer\/o-nas\/#breadcrumb\",\"itemListElement\":[{\"@type\":\"ListItem\",\"position\":1,\"name\":\"Strona g\u0142\u00f3wna\",\"item\":\"https:\/\/opg.com.pl\/offer\/\"},{\"@type\":\"ListItem\",\"position\":2,\"name\":\"o nas\"}]},{\"@type\":\"WebSite\",\"@id\":\"https:\/\/opg.com.pl\/offer\/#website\",\"url\":\"https:\/\/opg.com.pl\/offer\/\",\"name\":\"OPG Property Professionals\",\"description\":\"najlepsze oferty nieruchomo\u015bci\",\"potentialAction\":[{\"@type\":\"SearchAction\",\"target\":{\"@type\":\"EntryPoint\",\"urlTemplate\":\"https:\/\/opg.com.pl\/offer\/?s={search_term_string}\"},\"query-input\":{\"@type\":\"PropertyValueSpecification\",\"valueRequired\":true,\"valueName\":\"search_term_string\"}}],\"inLanguage\":\"pl-PL\"}]}<\/script>\n<!-- \/ Yoast SEO plugin. -->","yoast_head_json":{"title":"o nas - OPG Property Professionals","robots":{"index":"index","follow":"follow","max-snippet":"max-snippet:-1","max-image-preview":"max-image-preview:large","max-video-preview":"max-video-preview:-1"},"canonical":"https:\/\/opg.com.pl\/offer\/o-nas\/","og_locale":"pl_PL","og_type":"article","og_title":"o nas - OPG Property Professionals","og_description":"KILKA S\u0141\u00d3W O NAS G\u0142\u00f3wny obszar dzia\u0142ania firmy to po\u015brednictwo w obrocie nieruchomo\u015bciami. Dla naszych Klient\u00f3w wykonujemy czynno\u015bci zmierzaj\u0105ce do zawierania przez nich um\u00f3w nabycia lub zbycia praw do nieruchomo\u015bci, um\u00f3w nabycia lub zbycia sp\u00f3\u0142dzielczych praw do lokali mieszkalnych, u\u017cytkowych, dom\u00f3w jednorodzinnych, um\u00f3w najmu lub dzier\u017cawy nieruchomo\u015bci. Dzia\u0142amy w oparciu o wiedz\u0119 i do\u015bwiadczenie os\u00f3b [&hellip;]","og_url":"https:\/\/opg.com.pl\/offer\/o-nas\/","og_site_name":"OPG Property Professionals","article_modified_time":"2017-05-11T11:05:51+00:00","og_image":[{"url":"https:\/\/opg.com.pl\/offer\/wp-content\/uploads\/2016\/04\/conference-room.jpg","type":"","width":"","height":""}],"twitter_card":"summary_large_image","twitter_misc":{"Szacowany czas czytania":"3 minuty"},"schema":{"@context":"https:\/\/schema.org","@graph":[{"@type":"WebPage","@id":"https:\/\/opg.com.pl\/offer\/o-nas\/","url":"https:\/\/opg.com.pl\/offer\/o-nas\/","name":"o nas - OPG Property Professionals","isPartOf":{"@id":"https:\/\/opg.com.pl\/offer\/#website"},"primaryImageOfPage":{"@id":"https:\/\/opg.com.pl\/offer\/o-nas\/#primaryimage"},"image":{"@id":"https:\/\/opg.com.pl\/offer\/o-nas\/#primaryimage"},"thumbnailUrl":"https:\/\/opg.com.pl\/offer\/wp-content\/uploads\/2016\/04\/conference-room.jpg","datePublished":"2016-04-16T15:45:34+00:00","dateModified":"2017-05-11T11:05:51+00:00","breadcrumb":{"@id":"https:\/\/opg.com.pl\/offer\/o-nas\/#breadcrumb"},"inLanguage":"pl-PL","potentialAction":[{"@type":"ReadAction","target":["https:\/\/opg.com.pl\/offer\/o-nas\/"]}]},{"@type":"ImageObject","inLanguage":"pl-PL","@id":"https:\/\/opg.com.pl\/offer\/o-nas\/#primaryimage","url":"","contentUrl":""},{"@type":"BreadcrumbList","@id":"https:\/\/opg.com.pl\/offer\/o-nas\/#breadcrumb","itemListElement":[{"@type":"ListItem","position":1,"name":"Strona g\u0142\u00f3wna","item":"https:\/\/opg.com.pl\/offer\/"},{"@type":"ListItem","position":2,"name":"o nas"}]},{"@type":"WebSite","@id":"https:\/\/opg.com.pl\/offer\/#website","url":"https:\/\/opg.com.pl\/offer\/","name":"OPG Property Professionals","description":"najlepsze oferty nieruchomo\u015bci","potentialAction":[{"@type":"SearchAction","target":{"@type":"EntryPoint","urlTemplate":"https:\/\/opg.com.pl\/offer\/?s={search_term_string}"},"query-input":{"@type":"PropertyValueSpecification","valueRequired":true,"valueName":"search_term_string"}}],"inLanguage":"pl-PL"}]}},"_links":{"self":[{"href":"https:\/\/opg.com.pl\/offer\/wp-json\/wp\/v2\/pages\/2","targetHints":{"allow":["GET"]}}],"collection":[{"href":"https:\/\/opg.com.pl\/offer\/wp-json\/wp\/v2\/pages"}],"about":[{"href":"https:\/\/opg.com.pl\/offer\/wp-json\/wp\/v2\/types\/page"}],"author":[{"embeddable":true,"href":"https:\/\/opg.com.pl\/offer\/wp-json\/wp\/v2\/users\/6"}],"replies":[{"embeddable":true,"href":"https:\/\/opg.com.pl\/offer\/wp-json\/wp\/v2\/comments?post=2"}],"version-history":[{"count":33,"href":"https:\/\/opg.com.pl\/offer\/wp-json\/wp\/v2\/pages\/2\/revisions"}],"predecessor-version":[{"id":1221,"href":"https:\/\/opg.com.pl\/offer\/wp-json\/wp\/v2\/pages\/2\/revisions\/1221"}],"wp:attachment":[{"href":"https:\/\/opg.com.pl\/offer\/wp-json\/wp\/v2\/media?parent=2"}],"curies":[{"name":"wp","href":"https:\/\/api.w.org\/{rel}","templated":true}]}}